{"id":123,"date":"2020-03-04T22:43:55","date_gmt":"2020-03-04T22:43:55","guid":{"rendered":"https:\/\/magnadigital.co\/damak\/?page_id=123"},"modified":"2020-04-24T23:19:09","modified_gmt":"2020-04-24T23:19:09","slug":"transporte-maritimo","status":"publish","type":"page","link":"https:\/\/www.damak-usa.com\/espn\/transporte-maritimo\/","title":{"rendered":"TRANSPORTE MAR\u00cdTIMO"},"content":{"rendered":"<p>[et_pb_section fb_built=\u00bb1&#8243; admin_label=\u00bbTestimonials\u00bb _builder_version=\u00bb4.0.2&#8243; background_color=\u00bb#f2f4f3&#8243; custom_padding=\u00bb3px|0px|3px|0px|false|false\u00bb][et_pb_row column_structure=\u00bb1_2,1_2&#8243; use_custom_gutter=\u00bbon\u00bb gutter_width=\u00bb1&#8243; make_equal=\u00bbon\u00bb padding_top_bottom_link_1=\u00bbtrue\u00bb module_class=\u00bb et_pb_row_fullwidth\u00bb _builder_version=\u00bb4.0.2&#8243; width=\u00bb100%\u00bb width_tablet=\u00bb100%\u00bb width_phone=\u00bb\u00bb width_last_edited=\u00bbon|desktop\u00bb max_width=\u00bb100%\u00bb max_width_tablet=\u00bb100%\u00bb max_width_phone=\u00bb\u00bb max_width_last_edited=\u00bbon|desktop\u00bb custom_margin_tablet=\u00bb||30px|\u00bb custom_margin_phone=\u00bb\u00bb custom_margin_last_edited=\u00bbon|tablet\u00bb custom_padding=\u00bb0|0px|0px|0|false|false\u00bb hover_enabled=\u00bb0&#8243; make_fullwidth=\u00bbon\u00bb][et_pb_column type=\u00bb1_2&#8243; _builder_version=\u00bb3.25&#8243; custom_padding=\u00bb80px|80px|80px|10%\u00bb custom_padding_tablet=\u00bb0px|10%|0px|10%|true|true\u00bb custom_padding_phone=\u00bb\u00bb custom_padding_last_edited=\u00bbon|tablet\u00bb padding_tablet=\u00bb0px|10%|0px|10%|true|true\u00bb padding_last_edited=\u00bbon|tablet\u00bb custom_padding__hover=\u00bb|||\u00bb][et_pb_text _builder_version=\u00bb3.27.4&#8243; text_font=\u00bbOpen Sans||||||||\u00bb text_font_size=\u00bb18px\u00bb text_line_height=\u00bb1.8em\u00bb header_font=\u00bb||||||||\u00bb header_2_font=\u00bbJosefin Sans|700|||||||\u00bb header_2_font_size=\u00bb32px\u00bb header_2_line_height=\u00bb1.5em\u00bb header_3_font=\u00bbJosefin Sans|700||on|||||\u00bb header_3_text_color=\u00bbrgba(43,51,68,0.2)\u00bb max_width=\u00bb700px\u00bb custom_margin=\u00bb||30px|\u00bb custom_padding=\u00bb|||\u00bb locked=\u00bboff\u00bb]<\/p>\n<h3>soluciones<\/h3>\n<h2><span style=\"color: #007598;\">Transporte Mar\u00edtimo<\/span><\/h2>\n<p style=\"text-align: justify;\">Ofrecemos transporte de carga en contenedores (Full Container), carga suelta (LCL), as\u00ed como proyectos especiales: mercanc\u00eda pesada o con tama\u00f1os que requieran un manejo especializado.<\/p>\n<p>[\/et_pb_text][et_pb_button button_url=\u00bbhttps:\/\/www.damak-usa.com\/contactenos\u00bb button_text=\u00bbcont\u00e1ctanos\u00bb button_alignment=\u00bbleft\u00bb _builder_version=\u00bb4.0.2&#8243; custom_button=\u00bbon\u00bb button_text_size=\u00bb14px\u00bb button_text_color=\u00bb#002967&#8243; button_bg_color=\u00bb#f7c700&#8243; button_border_width=\u00bb14px\u00bb button_border_color=\u00bb#f7c700&#8243; button_border_radius=\u00bb0px\u00bb button_letter_spacing=\u00bb1px\u00bb button_font=\u00bbJosefin Sans|700||on|||||\u00bb custom_margin=\u00bb|||\u00bb custom_margin_tablet=\u00bb||50px|\u00bb custom_margin_phone=\u00bb||50px|\u00bb custom_margin_last_edited=\u00bbon|phone\u00bb custom_padding=\u00bb|||\u00bb animation_style=\u00bbfold\u00bb animation_direction=\u00bbleft\u00bb animation_delay=\u00bb200ms\u00bb animation_intensity_fold=\u00bb20%\u00bb box_shadow_style=\u00bbpreset2&#8243; box_shadow_color=\u00bbrgba(0,0,0,0.16)\u00bb button_border_radius_hover=\u00bb0px\u00bb button_letter_spacing_hover=\u00bb1px\u00bb locked=\u00bboff\u00bb button_text_size__hover_enabled=\u00bboff\u00bb button_one_text_size__hover_enabled=\u00bboff\u00bb button_two_text_size__hover_enabled=\u00bboff\u00bb button_text_color__hover_enabled=\u00bboff\u00bb button_one_text_color__hover_enabled=\u00bboff\u00bb button_two_text_color__hover_enabled=\u00bboff\u00bb button_border_width__hover_enabled=\u00bboff\u00bb button_one_border_width__hover_enabled=\u00bboff\u00bb button_two_border_width__hover_enabled=\u00bboff\u00bb button_border_color__hover_enabled=\u00bboff\u00bb button_one_border_color__hover_enabled=\u00bboff\u00bb button_two_border_color__hover_enabled=\u00bboff\u00bb button_border_radius__hover_enabled=\u00bbon\u00bb button_border_radius__hover=\u00bb0px\u00bb button_one_border_radius__hover_enabled=\u00bboff\u00bb button_two_border_radius__hover_enabled=\u00bboff\u00bb button_letter_spacing__hover_enabled=\u00bbon\u00bb button_letter_spacing__hover=\u00bb1px\u00bb button_one_letter_spacing__hover_enabled=\u00bboff\u00bb button_two_letter_spacing__hover_enabled=\u00bboff\u00bb button_bg_color__hover_enabled=\u00bboff\u00bb button_one_bg_color__hover_enabled=\u00bboff\u00bb button_two_bg_color__hover_enabled=\u00bboff\u00bb][\/et_pb_button][\/et_pb_column][et_pb_column type=\u00bb1_2&#8243; _builder_version=\u00bb4.0.2&#8243; background_image=\u00bbhttps:\/\/www.damak-usa.com\/wp-content\/uploads\/2020\/04\/1.2-Transporte-Maritimo-Damak-2-Logistica-estados-unidos-colombia-chile-con-cambios.png\u00bb background_size=\u00bbcontain\u00bb custom_padding=\u00bb|||\u00bb hover_enabled=\u00bb0&#8243; custom_padding__hover=\u00bb|||\u00bb][et_pb_divider show_divider=\u00bboff\u00bb _builder_version=\u00bb3.5&#8243; height=\u00bb200px\u00bb][\/et_pb_divider][\/et_pb_column][\/et_pb_row][\/et_pb_section][et_pb_section fb_built=\u00bb1&#8243; admin_label=\u00bbFooter\u00bb _builder_version=\u00bb3.22&#8243; global_module=\u00bb80&#8243;][et_pb_row column_structure=\u00bb1_3,1_3,1_3&#8243; _builder_version=\u00bb3.25&#8243; custom_padding=\u00bb|||\u00bb][et_pb_column type=\u00bb1_3&#8243; _builder_version=\u00bb3.25&#8243; custom_padding=\u00bb|||\u00bb custom_padding__hover=\u00bb|||\u00bb][et_pb_blurb title=\u00bbOficina\u00bb use_icon=\u00bbon\u00bb font_icon=\u00bb%%236%%\u00bb icon_color=\u00bb#f7c700&#8243; use_icon_font_size=\u00bbon\u00bb icon_font_size=\u00bb32px\u00bb _builder_version=\u00bb4.0.2&#8243; header_font=\u00bbJosefin Sans|700||on|||||\u00bb header_text_align=\u00bbcenter\u00bb body_font=\u00bbOpen Sans||||||||\u00bb body_text_align=\u00bbcenter\u00bb body_font_size=\u00bb18px\u00bb]<\/p>\n<p><span>8618 NW 70 Street \/ Miami, Fl 33166<\/span><\/p>\n<p>[\/et_pb_blurb][\/et_pb_column][et_pb_column type=\u00bb1_3&#8243; _builder_version=\u00bb3.25&#8243; custom_padding=\u00bb|||\u00bb custom_padding__hover=\u00bb|||\u00bb][et_pb_blurb title=\u00bbLl\u00e1manos\u00bb use_icon=\u00bbon\u00bb font_icon=\u00bb%%264%%\u00bb icon_color=\u00bb#f7c700&#8243; use_icon_font_size=\u00bbon\u00bb icon_font_size=\u00bb32px\u00bb _builder_version=\u00bb4.0.2&#8243; header_font=\u00bbJosefin Sans|700||on|||||\u00bb header_text_align=\u00bbcenter\u00bb body_font=\u00bbOpen Sans||||||||\u00bb body_text_align=\u00bbcenter\u00bb body_font_size=\u00bb18px\u00bb animation_style=\u00bbfold\u00bb animation_direction=\u00bbleft\u00bb animation_delay=\u00bb200ms\u00bb animation_intensity_fold=\u00bb20%\u00bb]<\/p>\n<p><span>Miami (305) 888 9177<\/span><\/p>\n<p>[\/et_pb_blurb][\/et_pb_column][et_pb_column type=\u00bb1_3&#8243; _builder_version=\u00bb3.25&#8243; custom_padding=\u00bb|||\u00bb custom_padding__hover=\u00bb|||\u00bb][et_pb_blurb title=\u00bbESCR\u00cdBENOS\u00bb use_icon=\u00bbon\u00bb font_icon=\u00bb%%238%%\u00bb icon_color=\u00bb#f7c700&#8243; use_icon_font_size=\u00bbon\u00bb icon_font_size=\u00bb32px\u00bb _builder_version=\u00bb4.0.2&#8243; header_font=\u00bbJosefin Sans|700||on|||||\u00bb header_text_align=\u00bbcenter\u00bb body_font=\u00bbOpen Sans||||||||\u00bb body_text_align=\u00bbcenter\u00bb body_font_size=\u00bb18px\u00bb animation_style=\u00bbfold\u00bb animation_direction=\u00bbleft\u00bb animation_delay=\u00bb200ms\u00bb animation_intensity_fold=\u00bb20%\u00bb]<\/p>\n<p>info@damak-usa.com<\/p>\n<p>[\/et_pb_blurb][\/et_pb_column][\/et_pb_row][et_pb_row column_structure=\u00bb1_2,1_2&#8243; use_custom_gutter=\u00bbon\u00bb gutter_width=\u00bb1&#8243; make_equal=\u00bbon\u00bb padding_top_bottom_link_1=\u00bbtrue\u00bb module_class=\u00bb et_pb_row_fullwidth\u00bb _builder_version=\u00bb4.0.2&#8243; width=\u00bb100%\u00bb width_tablet=\u00bb100%\u00bb width_phone=\u00bb\u00bb width_last_edited=\u00bbon|desktop\u00bb max_width=\u00bb100%\u00bb max_width_tablet=\u00bb100%\u00bb max_width_phone=\u00bb\u00bb max_width_last_edited=\u00bbon|desktop\u00bb custom_margin_tablet=\u00bb||30px|\u00bb custom_margin_phone=\u00bb\u00bb custom_margin_last_edited=\u00bbon|tablet\u00bb custom_padding=\u00bb0|0px|0px|0|false|false\u00bb make_fullwidth=\u00bbon\u00bb][et_pb_column type=\u00bb1_2&#8243; _builder_version=\u00bb3.25&#8243; custom_padding=\u00bb80px|80px|80px|10%\u00bb custom_padding_tablet=\u00bb0px|10%|0px|10%|true|true\u00bb custom_padding_phone=\u00bb\u00bb custom_padding_last_edited=\u00bbon|tablet\u00bb padding_tablet=\u00bb0px|10%|0px|10%|true|true\u00bb padding_last_edited=\u00bbon|tablet\u00bb custom_padding__hover=\u00bb|||\u00bb][et_pb_text _builder_version=\u00bb3.27.4&#8243; text_font=\u00bbOpen Sans||||||||\u00bb text_font_size=\u00bb18px\u00bb text_line_height=\u00bb1.8em\u00bb header_font=\u00bb||||||||\u00bb header_2_font=\u00bbJosefin Sans|700|||||||\u00bb header_2_font_size=\u00bb32px\u00bb header_2_line_height=\u00bb1.5em\u00bb header_3_font=\u00bbJosefin Sans|700||on|||||\u00bb header_3_text_color=\u00bbrgba(43,51,68,0.2)\u00bb max_width=\u00bb700px\u00bb custom_margin=\u00bb||30px|\u00bb custom_padding=\u00bb|||\u00bb locked=\u00bboff\u00bb]<\/p>\n<h3>soluciones<\/h3>\n<h2><span color=\"#007598\" style=\"color: #007598;\">Transporte A\u00e9reo<\/span><\/h2>\n<p style=\"text-align: justify;\">En DAMAK trabajamos de forma conjunta con todas las autoridades de transporte americanas e internacionales para asegurarnos de que su carga sea transportada de una forma segura y eficiente a su lugar de destino.<\/p>\n<p style=\"text-align: justify;\">Consolidamos su mercanc\u00eda para garantizarle la eficiencia de costo y manejo de la carga. De igual manera complementamos nuestros servicios de transporte a\u00e9reo con servicio de Casillero Virtual, Courier, manejo de carga pesada y extra-dimensional.<\/p>\n<p>[\/et_pb_text][et_pb_button button_url=\u00bbhttps:\/\/www.damak-usa.com\/contactenos\u00bb button_text=\u00bbcont\u00e1ctanos\u00bb button_alignment=\u00bbleft\u00bb _builder_version=\u00bb4.0.2&#8243; custom_button=\u00bbon\u00bb button_text_size=\u00bb14px\u00bb button_text_color=\u00bb#002967&#8243; button_bg_color=\u00bb#f7c700&#8243; button_border_width=\u00bb14px\u00bb button_border_color=\u00bb#f7c700&#8243; button_border_radius=\u00bb0px\u00bb button_letter_spacing=\u00bb1px\u00bb button_font=\u00bbJosefin Sans|700||on|||||\u00bb custom_margin=\u00bb|||\u00bb custom_margin_tablet=\u00bb||50px|\u00bb custom_margin_phone=\u00bb||50px|\u00bb custom_margin_last_edited=\u00bbon|phone\u00bb custom_padding=\u00bb|||\u00bb animation_style=\u00bbfold\u00bb animation_direction=\u00bbleft\u00bb animation_delay=\u00bb200ms\u00bb animation_intensity_fold=\u00bb20%\u00bb box_shadow_style=\u00bbpreset2&#8243; box_shadow_color=\u00bbrgba(0,0,0,0.16)\u00bb button_border_radius_hover=\u00bb0px\u00bb button_letter_spacing_hover=\u00bb1px\u00bb locked=\u00bboff\u00bb button_text_size__hover_enabled=\u00bboff\u00bb button_one_text_size__hover_enabled=\u00bboff\u00bb button_two_text_size__hover_enabled=\u00bboff\u00bb button_text_color__hover_enabled=\u00bboff\u00bb button_one_text_color__hover_enabled=\u00bboff\u00bb button_two_text_color__hover_enabled=\u00bboff\u00bb button_border_width__hover_enabled=\u00bboff\u00bb button_one_border_width__hover_enabled=\u00bboff\u00bb button_two_border_width__hover_enabled=\u00bboff\u00bb button_border_color__hover_enabled=\u00bboff\u00bb button_one_border_color__hover_enabled=\u00bboff\u00bb button_two_border_color__hover_enabled=\u00bboff\u00bb button_border_radius__hover_enabled=\u00bbon\u00bb button_border_radius__hover=\u00bb0px\u00bb button_one_border_radius__hover_enabled=\u00bboff\u00bb button_two_border_radius__hover_enabled=\u00bboff\u00bb button_letter_spacing__hover_enabled=\u00bbon\u00bb button_letter_spacing__hover=\u00bb1px\u00bb button_one_letter_spacing__hover_enabled=\u00bboff\u00bb button_two_letter_spacing__hover_enabled=\u00bboff\u00bb button_bg_color__hover_enabled=\u00bboff\u00bb button_one_bg_color__hover_enabled=\u00bboff\u00bb button_two_bg_color__hover_enabled=\u00bboff\u00bb][\/et_pb_button][\/et_pb_column][et_pb_column type=\u00bb1_2&#8243; _builder_version=\u00bb4.0.2&#8243; background_image=\u00bbhttps:\/\/www.damak-usa.com\/wp-content\/uploads\/2020\/03\/1.2-Transporte-Aereo-Damak-2-Logistica-estados-unidos-colombia-chile.jpg\u00bb background_size=\u00bbcontain\u00bb custom_padding=\u00bb|||\u00bb custom_padding__hover=\u00bb|||\u00bb][\/et_pb_column][\/et_pb_row][\/et_pb_section]<\/p>\n","protected":false},"excerpt":{"rendered":"<p>soluciones Transporte Mar\u00edtimo Ofrecemos transporte de carga en contenedores (Full Container), carga suelta (LCL), as\u00ed como proyectos especiales: mercanc\u00eda pesada o con tama\u00f1os que requieran un manejo especializado.8618 NW 70 Street \/ Miami, Fl 33166Miami (305) 888 9177info@damak-usa.comsoluciones Transporte A\u00e9reo En DAMAK trabajamos de forma conjunta con todas las autoridades de transporte americanas e internacionales [&hellip;]<\/p>\n","protected":false},"author":1,"featured_media":0,"parent":0,"menu_order":0,"comment_status":"closed","ping_status":"closed","template":"","meta":{"_et_pb_use_builder":"on","_et_pb_old_content":"","_et_gb_content_width":"","footnotes":""},"class_list":["post-123","page","type-page","status-publish","hentry"],"_links":{"self":[{"href":"https:\/\/www.damak-usa.com\/espn\/wp-json\/wp\/v2\/pages\/123","targetHints":{"allow":["GET"]}}],"collection":[{"href":"https:\/\/www.damak-usa.com\/espn\/wp-json\/wp\/v2\/pages"}],"about":[{"href":"https:\/\/www.damak-usa.com\/espn\/wp-json\/wp\/v2\/types\/page"}],"author":[{"embeddable":true,"href":"https:\/\/www.damak-usa.com\/espn\/wp-json\/wp\/v2\/users\/1"}],"replies":[{"embeddable":true,"href":"https:\/\/www.damak-usa.com\/espn\/wp-json\/wp\/v2\/comments?post=123"}],"version-history":[{"count":0,"href":"https:\/\/www.damak-usa.com\/espn\/wp-json\/wp\/v2\/pages\/123\/revisions"}],"wp:attachment":[{"href":"https:\/\/www.damak-usa.com\/espn\/wp-json\/wp\/v2\/media?parent=123"}],"curies":[{"name":"wp","href":"https:\/\/api.w.org\/{rel}","templated":true}]}}